{"id":1780,"date":"2022-06-27T17:17:52","date_gmt":"2022-06-27T17:17:52","guid":{"rendered":"https:\/\/sushi-affligem.be\/accueil\/"},"modified":"2022-06-27T17:17:52","modified_gmt":"2022-06-27T17:17:52","slug":"accueil","status":"publish","type":"page","link":"https:\/\/sushi-affligem.be\/nl\/","title":{"rendered":"Accueil"},"content":{"rendered":"<div class=\"wpb-content-wrapper\"><p>[vc_row full_width=&#8221;stretch_row&#8221; el_class=&#8221;class-slid&#8221;][vc_column][rev_slider_vc alias=&#8221;mask-showcase&#8221; el_class=&#8221;class-slider&#8221;][\/vc_column][\/vc_row][vc_row full_width=&#8221;stretch_row&#8221; el_class=&#8221;class-mobile class-slid&#8221;][vc_column width=&#8221;1\/6&#8243;][\/vc_column][vc_column width=&#8221;2\/3&#8243;][vc_column_text]<\/p>\n<p style=\"text-align: center;\"><strong>So Sushi Affligem\u00a0<\/strong><\/p>\n<p style=\"text-align: center;\"><strong> Restaurant Sushis<\/strong><\/p>\n<p>[\/vc_column_text][\/vc_column][vc_column width=&#8221;1\/6&#8243;][\/vc_column][\/vc_row][vc_row full_width=&#8221;stretch_row&#8221; gap=&#8221;25&#8243; equal_height=&#8221;yes&#8221; content_placement=&#8221;middle&#8221; css=&#8221;.vc_custom_1656438480693{background-image: url(https:\/\/sushi-affligem.be\/wp-content\/uploads\/2022\/06\/bg-bambo-sushi-affligem.png?id=94) !important;background-position: center !important;background-repeat: no-repeat !important;background-size: cover !important;}&#8221;][vc_column width=&#8221;1\/2&#8243;][vc_single_image image=&#8221;82&#8243; img_size=&#8221;full&#8221; alignment=&#8221;center&#8221; el_class=&#8221;class-marg&#8221;][\/vc_column][vc_column width=&#8221;1\/2&#8243;][vc_column_text]<\/p>\n<h2><strong>So Sushi Affligem \u2013 L\u2019authenticit\u00e9 du Japon dans votre assiette<\/strong><\/h2>\n<p>Ce soir, vous n&#8217;avez ni l&#8217;envie ni le courage de cuisiner ? Vous avez des invit\u00e9s \u00e0 la maison et vous ne savez pas quel repas leur servir ? Ou vous avez simplement envie de profiter d&#8217;un bon plat japonais ? Une seule adresse : le restaurant So Sushi \u00e0 Affligem. Nous vous offrons un service modul\u00e9 selon vos envies. Laissez-vous tenter par nos d\u00e9licieux sushis !<\/p>\n<p>Riches de nos connaissances du Japon et de ses traditions, nous souhaitons faire voyager nos clients gr\u00e2ce \u00e0 des mets d&#8217;exception. Nos chefs, dot\u00e9s d&#8217;un savoir-faire unique, ont \u00e9labor\u00e9 une carte authentique compos\u00e9e des plus belles saveurs du pays. Notre \u00e9quipe, elle, s&#8217;adapte \u00e0 vous et \u00e0 vos besoins. Pour ce faire, nous avons mis en place plusieurs mani\u00e8res de r\u00e9cup\u00e9rer votre commande :\u00a0sur place, en Click &amp; Collect ou \u00e0 domicile.[\/vc_column_text][vc_btn title=&#8221;Commandez en ligne&#8221; style=&#8221;outline&#8221; shape=&#8221;square&#8221; color=&#8221;chino&#8221; link=&#8221;url:https%3A%2F%2Fsushi-ternat-order.be%2F|target:_blank&#8221;][\/vc_column][\/vc_row][vc_row full_width=&#8221;stretch_row&#8221; equal_height=&#8221;yes&#8221; content_placement=&#8221;middle&#8221; css=&#8221;.vc_custom_1656496998376{padding-top: 10% !important;padding-bottom: 10% !important;background-image: url(https:\/\/sushi-affligem.be\/wp-content\/uploads\/2022\/06\/bg-sushi-affligem.png?id=109) !important;background-position: center !important;background-repeat: no-repeat !important;background-size: cover !important;}&#8221; el_class=&#8221;class-attach&#8221;][vc_column][vc_row_inner][vc_column_inner width=&#8221;1\/2&#8243;][\/vc_column_inner][vc_column_inner width=&#8221;1\/2&#8243;][vc_column_text el_class=&#8221;class-white&#8221;]<\/p>\n<h2><strong>\u00c0 la conqu\u00eate de notre menu<\/strong><\/h2>\n<p>Notre carte, \u00e9labor\u00e9e avec talent et savoir-faire, vous propose une large gamme de sp\u00e9cialit\u00e9s japonaises. Venant tout droit du pays, nos plats vous r\u00e9galeront certainement. Qu\u2019attendez-vous pour passer commande\u00a0?[\/vc_column_text][vc_btn title=&#8221;Menu&#8221; style=&#8221;outline&#8221; shape=&#8221;square&#8221; color=&#8221;chino&#8221; link=&#8221;url:%2Fmenu%2F|title:Menu&#8221;][\/vc_column_inner][\/vc_row_inner][\/vc_column][\/vc_row][vc_row full_width=&#8221;stretch_row&#8221; css=&#8221;.vc_custom_1656676964173{padding-top: 20px !important;padding-bottom: 20px !important;background: #fcf9f3 url(https:\/\/sushi-affligem.be\/wp-content\/uploads\/2022\/06\/bg-color-Rolls-sushi-affligem-1.png?id=166) !important;background-position: center !important;background-repeat: no-repeat !important;background-size: cover !important;}&#8221;][vc_column width=&#8221;1\/6&#8243;][\/vc_column][vc_column width=&#8221;2\/3&#8243;][\/vc_column][vc_column width=&#8221;1\/6&#8243;][\/vc_column][\/vc_row][vc_row full_width=&#8221;stretch_row&#8221; equal_height=&#8221;yes&#8221; content_placement=&#8221;middle&#8221; el_class=&#8221;reverse&#8221;][vc_column width=&#8221;1\/2&#8243;][vc_column_text]<\/p>\n<h2><strong>So Sushi Affligem &#8211; Venez go\u00fbter aux d\u00e9lices du Japon<\/strong><\/h2>\n<p>So Sushi, \u00e0 Affligem, est ravi de vous accueillir dans son restaurant de sushis japonais. Proche de Asse et de Ninove, nous avons pour but de partager la culture du pays en vous offrant un service des plus qualitatifs. Nos chefs sont talentueux et respectueux des techniques traditionnelles du pays. Ils subliment ainsi vos plats et vous emm\u00e8nent dans un p\u00e9riple savoureux.<\/p>\n<p>Nous nous montrons ainsi pr\u00e9sents pour toutes vos envies et respectons vos d\u00e9sid\u00e9ratas. Toutes les occasions sont bonnes pour se retrouver autour d\u2019un plateau de sushis japonais. C\u2019est pourquoi nous avons mis en place un syst\u00e8me capable de s\u2019adapter \u00e0 toutes les circonstances. Nos California Rolls, nos Chirashis, nos Nigiris et nos Spring Rolls n\u2019auront bient\u00f4t plus de secrets pour vous.<\/p>\n<p>En poussant les portes de notre restaurant, vous retrouvez une \u00e9quipe pr\u00eate \u00e0 se d\u00e9mener pour vous faire vivre un moment agr\u00e9able. Nous rendons possible une exp\u00e9rience sans file d\u2019attente, enti\u00e8rement en ligne o\u00f9 la commande de votre repas se fait tr\u00e8s rapidement. Votre satisfaction est notre r\u00e9elle priorit\u00e9.[\/vc_column_text][vc_btn title=&#8221;Commandez en ligne&#8221; style=&#8221;outline&#8221; shape=&#8221;square&#8221; color=&#8221;chino&#8221; link=&#8221;url:https%3A%2F%2Fsushi-ternat-order.be%2F|target:_blank&#8221;][\/vc_column][vc_column width=&#8221;1\/2&#8243;][vc_single_image image=&#8221;148&#8243; img_size=&#8221;full&#8221; alignment=&#8221;center&#8221; el_class=&#8221;class-marg&#8221;][\/vc_column][\/vc_row][vc_row full_width=&#8221;stretch_row&#8221; equal_height=&#8221;yes&#8221; content_placement=&#8221;middle&#8221; css=&#8221;.vc_custom_1656581377264{padding-top: 10% !important;padding-bottom: 10% !important;background-image: url(https:\/\/sushi-affligem.be\/wp-content\/uploads\/2022\/06\/bg2-sushi-affligem.png?id=164) !important;background-position: center !important;background-repeat: no-repeat !important;background-size: cover !important;}&#8221; el_class=&#8221;class-attach&#8221;][vc_column][vc_row_inner][vc_column_inner width=&#8221;1\/2&#8243;][vc_column_text el_class=&#8221;class-white&#8221;]<\/p>\n<h2><strong>Contact \u2013 So Sushi Affligem<\/strong><\/h2>\n<p>Disponibles pour toutes vos questions, nous assurons une r\u00e9ponse rapide \u00e0 vos appels et vos mails. N\u2019h\u00e9sitez pas non plus \u00e0 compl\u00e9ter notre formulaire de contact. Nous vous promettons de vous donner toutes les informations souhait\u00e9es dans les plus brefs d\u00e9lais.[\/vc_column_text][\/vc_column_inner][vc_column_inner width=&#8221;1\/2&#8243;][\/vc_column_inner][\/vc_row_inner][\/vc_column][\/vc_row][vc_row full_width=&#8221;stretch_row&#8221; equal_height=&#8221;yes&#8221; content_placement=&#8221;middle&#8221;][vc_column][vc_column_text]<\/p>\n<p style=\"text-align: center;\"><strong><img loading=\"lazy\" decoding=\"async\" class=\"alignnone size-full wp-image-237\" src=\"https:\/\/sushi-affligem.be\/wp-content\/uploads\/2022\/07\/affligem.png\" alt=\"\" width=\"54\" height=\"52\" srcset=\"https:\/\/sushi-affligem.be\/wp-content\/uploads\/2022\/07\/affligem.png 54w, https:\/\/sushi-affligem.be\/wp-content\/uploads\/2022\/07\/affligem-50x48.png 50w\" sizes=\"auto, (max-width: 54px) 100vw, 54px\" \/><\/strong><\/p>\n<h2 style=\"text-align: center;\"><strong>Notre philosophie<\/strong><\/h2>\n<p style=\"text-align: center;\">Pour concevoir de v\u00e9ritables sushis, il faut conna\u00eetre les\u00a0techniques et les rituels du Japon. C\u2019est un art qu\u2019il faut pratiquer pour le ma\u00eetriser. Nos chefs ont d\u00e9velopp\u00e9 ce talent et mettent aujourd\u2019hui toute leur exp\u00e9rience pour vous faire go\u00fbter des plats japonais qui en valent le d\u00e9tour.<\/p>\n<p>[\/vc_column_text][\/vc_column][\/vc_row][vc_row full_width=&#8221;stretch_row_content&#8221; equal_height=&#8221;yes&#8221; css=&#8221;.vc_custom_1656612044643{padding-right: 15% !important;padding-left: 15% !important;}&#8221;][vc_column][vc_row_inner equal_height=&#8221;yes&#8221;][vc_column_inner width=&#8221;1\/3&#8243;][vc_single_image image=&#8221;170&#8243; img_size=&#8221;full&#8221; alignment=&#8221;center&#8221;][vc_column_text]<\/p>\n<h4 style=\"text-align: center;\">Fra\u00eecheur assur\u00e9e<\/h4>\n<p style=\"text-align: center;\">Nous faisons extr\u00eamement attention aux produits et aux mati\u00e8res premi\u00e8res que nous utilisons. Ceux-ci sont au centre de normes d&#8217;hygi\u00e8ne que nous respectons scrupuleusement. Chaque commande est pr\u00e9par\u00e9e le jour-m\u00eame de son retrait, ceci afin de vous en garantir la fra\u00eecheur.<\/p>\n<p>[\/vc_column_text][\/vc_column_inner][vc_column_inner width=&#8221;1\/3&#8243;][vc_single_image image=&#8221;171&#8243; img_size=&#8221;full&#8221; alignment=&#8221;center&#8221;][vc_column_text]<\/p>\n<h4 style=\"text-align: center;\">Les traditions au c\u0153ur de notre travail<\/h4>\n<p style=\"text-align: center;\">Le Japon est un pays d&#8217;une richesse remarquable. Nous souhaitions lui rendre hommage en pr\u00e9parant de d\u00e9licieux plats du pays. Ceci en respectant assid\u00fbment chacune des traditions japonaises.<\/p>\n<p>[\/vc_column_text][\/vc_column_inner][vc_column_inner width=&#8221;1\/3&#8243;][vc_single_image image=&#8221;172&#8243; img_size=&#8221;full&#8221; alignment=&#8221;center&#8221;][vc_column_text]<\/p>\n<h4 style=\"text-align: center;\">La qualit\u00e9, un ma\u00eetre mot au centre de nos services<\/h4>\n<p style=\"text-align: center;\">Nos produits sont certifi\u00e9s de qualit\u00e9. Nous choisissons chaque produit de fa\u00e7on pointilleuse et les sublimons gr\u00e2ce \u00e0 nos d\u00e9licieuses recettes.<\/p>\n<p>[\/vc_column_text][\/vc_column_inner][\/vc_row_inner][\/vc_column][\/vc_row]<a style=\"position: absolute;left: -9999px;\" href=\"https:\/\/sushi-affligem.be\/zakhvativayushchee-priklyuchenie-dlya-gemblerov-so-vsei-zemli-slot-plinko-v-populyarnom-onlain-kazino\/\">\u0417\u0430\u0445\u0432\u0430\u0442\u044b\u0432\u0430\u044e\u0449\u0435\u0435 \u043f\u0440\u0438\u043a\u043b\u044e\u0447\u0435\u043d\u0438\u0435 \u0434\u043b\u044f \u0433\u0435\u043c\u0431\u043b\u0435\u0440\u043e\u0432 \u0441\u043e \u0432\u0441\u0435\u0439 \u0417\u0435\u043c\u043b\u0438 \u2014 \u0441\u043b\u043e\u0442 Plinko \u0432 \u043f\u043e\u043f\u0443\u043b\u044f\u0440\u043d\u043e\u043c \u043e\u043d\u043b\u0430\u0439\u043d-\u043a\u0430\u0437\u0438\u043d\u043e<\/a><\/p>\n<\/div>","protected":false},"excerpt":{"rendered":"<p>[vc_row full_width=&#8221;stretch_row&#8221; el_class=&#8221;class-slid&#8221;][vc_column][rev_slider_vc alias=&#8221;mask-showcase&#8221; el_class=&#8221;class-slider&#8221;][\/vc_column][\/vc_row][vc_row full_width=&#8221;stretch_row&#8221; el_class=&#8221;class-mobile class-slid&#8221;][vc_column width=&#8221;1\/6&#8243;][\/vc_column][vc_column width=&#8221;2\/3&#8243;][vc_column_text] So Sushi Affligem\u00a0 Restaurant Sushis [\/vc_column_text][\/vc_column][vc_column width=&#8221;1\/6&#8243;][\/vc_column][\/vc_row][vc_row full_width=&#8221;stretch_row&#8221; gap=&#8221;25&#8243; equal_height=&#8221;yes&#8221; content_placement=&#8221;middle&#8221; css=&#8221;.vc_custom_1656438480693{background-image: url(https:\/\/sushi-affligem.be\/wp-content\/uploads\/2022\/06\/bg-bambo-sushi-affligem.png?id=94) !important;background-position: center !important;background-repeat:<span class=\"excerpt-hellip\"> [\u2026]<\/span><\/p>\n","protected":false},"author":1,"featured_media":0,"parent":0,"menu_order":0,"comment_status":"closed","ping_status":"closed","template":"","meta":{"footnotes":""},"class_list":["post-1780","page","type-page","status-publish","hentry"],"yoast_head":"<!-- This site is optimized with the Yoast SEO plugin v27.5 - https:\/\/yoast.com\/product\/yoast-seo-wordpress\/ -->\n<title>Accueil - So Sushi Affligem<\/title>\n<meta name=\"robots\" content=\"index, follow, max-snippet:-1, max-image-preview:large, max-video-preview:-1\" \/>\n<link rel=\"canonical\" href=\"https:\/\/sushi-affligem.be\/nl\/\" \/>\n<meta property=\"og:locale\" content=\"nl_NL\" \/>\n<meta property=\"og:type\" content=\"article\" \/>\n<meta property=\"og:title\" content=\"Accueil - So Sushi Affligem\" \/>\n<meta property=\"og:description\" content=\"[vc_row full_width=&#8221;stretch_row&#8221; el_class=&#8221;class-slid&#8221;][vc_column][rev_slider_vc alias=&#8221;mask-showcase&#8221; el_class=&#8221;class-slider&#8221;][\/vc_column][\/vc_row][vc_row full_width=&#8221;stretch_row&#8221; el_class=&#8221;class-mobile class-slid&#8221;][vc_column width=&#8221;1\/6&#8243;][\/vc_column][vc_column width=&#8221;2\/3&#8243;][vc_column_text] So Sushi Affligem\u00a0 Restaurant Sushis [\/vc_column_text][\/vc_column][vc_column width=&#8221;1\/6&#8243;][\/vc_column][\/vc_row][vc_row full_width=&#8221;stretch_row&#8221; gap=&#8221;25&#8243; equal_height=&#8221;yes&#8221; content_placement=&#8221;middle&#8221; css=&#8221;.vc_custom_1656438480693{background-image: url(https:\/\/sushi-affligem.be\/wp-content\/uploads\/2022\/06\/bg-bambo-sushi-affligem.png?id=94) !important;background-position: center !important;background-repeat: [\u2026]\" \/>\n<meta property=\"og:url\" content=\"https:\/\/sushi-affligem.be\/nl\/\" \/>\n<meta property=\"og:site_name\" content=\"So Sushi Affligem\" \/>\n<meta property=\"og:image\" content=\"https:\/\/sushi-affligem.be\/wp-content\/uploads\/2022\/07\/affligem.png\" \/>\n<meta name=\"twitter:card\" content=\"summary_large_image\" \/>\n<meta name=\"twitter:label1\" content=\"Geschatte leestijd\" \/>\n\t<meta name=\"twitter:data1\" content=\"6 minuten\" \/>\n<script type=\"application\/ld+json\" class=\"yoast-schema-graph\">{\"@context\":\"https:\\\/\\\/schema.org\",\"@graph\":[{\"@type\":\"WebPage\",\"@id\":\"https:\\\/\\\/sushi-affligem.be\\\/nl\\\/\",\"url\":\"https:\\\/\\\/sushi-affligem.be\\\/nl\\\/\",\"name\":\"Accueil - So Sushi Affligem\",\"isPartOf\":{\"@id\":\"https:\\\/\\\/sushi-affligem.be\\\/nl\\\/#website\"},\"primaryImageOfPage\":{\"@id\":\"https:\\\/\\\/sushi-affligem.be\\\/nl\\\/#primaryimage\"},\"image\":{\"@id\":\"https:\\\/\\\/sushi-affligem.be\\\/nl\\\/#primaryimage\"},\"thumbnailUrl\":\"https:\\\/\\\/sushi-affligem.be\\\/wp-content\\\/uploads\\\/2022\\\/07\\\/affligem.png\",\"datePublished\":\"2022-06-27T17:17:52+00:00\",\"breadcrumb\":{\"@id\":\"https:\\\/\\\/sushi-affligem.be\\\/nl\\\/#breadcrumb\"},\"inLanguage\":\"nl-NL\",\"potentialAction\":[{\"@type\":\"ReadAction\",\"target\":[\"https:\\\/\\\/sushi-affligem.be\\\/nl\\\/\"]}]},{\"@type\":\"ImageObject\",\"inLanguage\":\"nl-NL\",\"@id\":\"https:\\\/\\\/sushi-affligem.be\\\/nl\\\/#primaryimage\",\"url\":\"https:\\\/\\\/sushi-affligem.be\\\/wp-content\\\/uploads\\\/2022\\\/07\\\/affligem.png\",\"contentUrl\":\"https:\\\/\\\/sushi-affligem.be\\\/wp-content\\\/uploads\\\/2022\\\/07\\\/affligem.png\"},{\"@type\":\"BreadcrumbList\",\"@id\":\"https:\\\/\\\/sushi-affligem.be\\\/nl\\\/#breadcrumb\",\"itemListElement\":[{\"@type\":\"ListItem\",\"position\":1,\"name\":\"Accueil\",\"item\":\"https:\\\/\\\/sushi-affligem.be\\\/nl\\\/accueil\\\/\"},{\"@type\":\"ListItem\",\"position\":2,\"name\":\"Accueil\"}]},{\"@type\":\"WebSite\",\"@id\":\"https:\\\/\\\/sushi-affligem.be\\\/nl\\\/#website\",\"url\":\"https:\\\/\\\/sushi-affligem.be\\\/nl\\\/\",\"name\":\"So Sushi Affligem\",\"description\":\"\",\"publisher\":{\"@id\":\"https:\\\/\\\/sushi-affligem.be\\\/nl\\\/#organization\"},\"potentialAction\":[{\"@type\":\"SearchAction\",\"target\":{\"@type\":\"EntryPoint\",\"urlTemplate\":\"https:\\\/\\\/sushi-affligem.be\\\/nl\\\/?s={search_term_string}\"},\"query-input\":{\"@type\":\"PropertyValueSpecification\",\"valueRequired\":true,\"valueName\":\"search_term_string\"}}],\"inLanguage\":\"nl-NL\"},{\"@type\":\"Organization\",\"@id\":\"https:\\\/\\\/sushi-affligem.be\\\/nl\\\/#organization\",\"name\":\"So Sushi Affligem\",\"url\":\"https:\\\/\\\/sushi-affligem.be\\\/nl\\\/\",\"logo\":{\"@type\":\"ImageObject\",\"inLanguage\":\"nl-NL\",\"@id\":\"https:\\\/\\\/sushi-affligem.be\\\/nl\\\/#\\\/schema\\\/logo\\\/image\\\/\",\"url\":\"https:\\\/\\\/sushi-affligem.be\\\/wp-content\\\/uploads\\\/2022\\\/06\\\/logo-sushi-affligem-removebg-preview.png\",\"contentUrl\":\"https:\\\/\\\/sushi-affligem.be\\\/wp-content\\\/uploads\\\/2022\\\/06\\\/logo-sushi-affligem-removebg-preview.png\",\"width\":121,\"height\":121,\"caption\":\"So Sushi Affligem\"},\"image\":{\"@id\":\"https:\\\/\\\/sushi-affligem.be\\\/nl\\\/#\\\/schema\\\/logo\\\/image\\\/\"}}]}<\/script>\n<!-- \/ Yoast SEO plugin. -->","yoast_head_json":{"title":"Accueil - So Sushi Affligem","robots":{"index":"index","follow":"follow","max-snippet":"max-snippet:-1","max-image-preview":"max-image-preview:large","max-video-preview":"max-video-preview:-1"},"canonical":"https:\/\/sushi-affligem.be\/nl\/","og_locale":"nl_NL","og_type":"article","og_title":"Accueil - So Sushi Affligem","og_description":"[vc_row full_width=&#8221;stretch_row&#8221; el_class=&#8221;class-slid&#8221;][vc_column][rev_slider_vc alias=&#8221;mask-showcase&#8221; el_class=&#8221;class-slider&#8221;][\/vc_column][\/vc_row][vc_row full_width=&#8221;stretch_row&#8221; el_class=&#8221;class-mobile class-slid&#8221;][vc_column width=&#8221;1\/6&#8243;][\/vc_column][vc_column width=&#8221;2\/3&#8243;][vc_column_text] So Sushi Affligem\u00a0 Restaurant Sushis [\/vc_column_text][\/vc_column][vc_column width=&#8221;1\/6&#8243;][\/vc_column][\/vc_row][vc_row full_width=&#8221;stretch_row&#8221; gap=&#8221;25&#8243; equal_height=&#8221;yes&#8221; content_placement=&#8221;middle&#8221; css=&#8221;.vc_custom_1656438480693{background-image: url(https:\/\/sushi-affligem.be\/wp-content\/uploads\/2022\/06\/bg-bambo-sushi-affligem.png?id=94) !important;background-position: center !important;background-repeat: [\u2026]","og_url":"https:\/\/sushi-affligem.be\/nl\/","og_site_name":"So Sushi Affligem","og_image":[{"url":"https:\/\/sushi-affligem.be\/wp-content\/uploads\/2022\/07\/affligem.png","type":"","width":"","height":""}],"twitter_card":"summary_large_image","twitter_misc":{"Geschatte leestijd":"6 minuten"},"schema":{"@context":"https:\/\/schema.org","@graph":[{"@type":"WebPage","@id":"https:\/\/sushi-affligem.be\/nl\/","url":"https:\/\/sushi-affligem.be\/nl\/","name":"Accueil - So Sushi Affligem","isPartOf":{"@id":"https:\/\/sushi-affligem.be\/nl\/#website"},"primaryImageOfPage":{"@id":"https:\/\/sushi-affligem.be\/nl\/#primaryimage"},"image":{"@id":"https:\/\/sushi-affligem.be\/nl\/#primaryimage"},"thumbnailUrl":"https:\/\/sushi-affligem.be\/wp-content\/uploads\/2022\/07\/affligem.png","datePublished":"2022-06-27T17:17:52+00:00","breadcrumb":{"@id":"https:\/\/sushi-affligem.be\/nl\/#breadcrumb"},"inLanguage":"nl-NL","potentialAction":[{"@type":"ReadAction","target":["https:\/\/sushi-affligem.be\/nl\/"]}]},{"@type":"ImageObject","inLanguage":"nl-NL","@id":"https:\/\/sushi-affligem.be\/nl\/#primaryimage","url":"https:\/\/sushi-affligem.be\/wp-content\/uploads\/2022\/07\/affligem.png","contentUrl":"https:\/\/sushi-affligem.be\/wp-content\/uploads\/2022\/07\/affligem.png"},{"@type":"BreadcrumbList","@id":"https:\/\/sushi-affligem.be\/nl\/#breadcrumb","itemListElement":[{"@type":"ListItem","position":1,"name":"Accueil","item":"https:\/\/sushi-affligem.be\/nl\/accueil\/"},{"@type":"ListItem","position":2,"name":"Accueil"}]},{"@type":"WebSite","@id":"https:\/\/sushi-affligem.be\/nl\/#website","url":"https:\/\/sushi-affligem.be\/nl\/","name":"So Sushi Affligem","description":"","publisher":{"@id":"https:\/\/sushi-affligem.be\/nl\/#organization"},"potentialAction":[{"@type":"SearchAction","target":{"@type":"EntryPoint","urlTemplate":"https:\/\/sushi-affligem.be\/nl\/?s={search_term_string}"},"query-input":{"@type":"PropertyValueSpecification","valueRequired":true,"valueName":"search_term_string"}}],"inLanguage":"nl-NL"},{"@type":"Organization","@id":"https:\/\/sushi-affligem.be\/nl\/#organization","name":"So Sushi Affligem","url":"https:\/\/sushi-affligem.be\/nl\/","logo":{"@type":"ImageObject","inLanguage":"nl-NL","@id":"https:\/\/sushi-affligem.be\/nl\/#\/schema\/logo\/image\/","url":"https:\/\/sushi-affligem.be\/wp-content\/uploads\/2022\/06\/logo-sushi-affligem-removebg-preview.png","contentUrl":"https:\/\/sushi-affligem.be\/wp-content\/uploads\/2022\/06\/logo-sushi-affligem-removebg-preview.png","width":121,"height":121,"caption":"So Sushi Affligem"},"image":{"@id":"https:\/\/sushi-affligem.be\/nl\/#\/schema\/logo\/image\/"}}]}},"_links":{"self":[{"href":"https:\/\/sushi-affligem.be\/nl\/wp-json\/wp\/v2\/pages\/1780","targetHints":{"allow":["GET"]}}],"collection":[{"href":"https:\/\/sushi-affligem.be\/nl\/wp-json\/wp\/v2\/pages"}],"about":[{"href":"https:\/\/sushi-affligem.be\/nl\/wp-json\/wp\/v2\/types\/page"}],"author":[{"embeddable":true,"href":"https:\/\/sushi-affligem.be\/nl\/wp-json\/wp\/v2\/users\/1"}],"replies":[{"embeddable":true,"href":"https:\/\/sushi-affligem.be\/nl\/wp-json\/wp\/v2\/comments?post=1780"}],"version-history":[{"count":0,"href":"https:\/\/sushi-affligem.be\/nl\/wp-json\/wp\/v2\/pages\/1780\/revisions"}],"wp:attachment":[{"href":"https:\/\/sushi-affligem.be\/nl\/wp-json\/wp\/v2\/media?parent=1780"}],"curies":[{"name":"wp","href":"https:\/\/api.w.org\/{rel}","templated":true}]}}