{"id":1779,"date":"2022-06-27T17:20:10","date_gmt":"2022-06-27T17:20:10","guid":{"rendered":"https:\/\/sushi-affligem.be\/a-propos\/"},"modified":"2022-06-27T17:20:10","modified_gmt":"2022-06-27T17:20:10","slug":"a-propos","status":"publish","type":"page","link":"https:\/\/sushi-affligem.be\/nl\/a-propos\/","title":{"rendered":"\u00c0 propos"},"content":{"rendered":"<div class=\"wpb-content-wrapper\"><p>[vc_row full_width=&#8221;stretch_row&#8221; gap=&#8221;25&#8243; equal_height=&#8221;yes&#8221; content_placement=&#8221;middle&#8221; css=&#8221;.vc_custom_1656438480693{background-image: url(https:\/\/sushi-affligem.be\/wp-content\/uploads\/2022\/06\/bg-bambo-sushi-affligem.png?id=94) !important;background-position: center !important;background-repeat: no-repeat !important;background-size: cover !important;}&#8221;][vc_column width=&#8221;1\/2&#8243;][vc_single_image image=&#8221;153&#8243; img_size=&#8221;full&#8221; alignment=&#8221;center&#8221; el_class=&#8221;class-marg&#8221;][\/vc_column][vc_column width=&#8221;1\/2&#8243;][vc_column_text]<\/p>\n<h2><strong>So Sushi Affligem, un hommage au Japon et \u00e0 ses traditions culinaires<\/strong><\/h2>\n<p>La cuisine japonaise est une cuisine de partage et de saveurs. Voil\u00e0 la raison pour laquelle nous avons \u00e0 c\u0153ur de vous faire d\u00e9couvrir son authenticit\u00e9 \u00e0 travers nos plats d\u2019exception. Notre mission est de vous accompagner dans la conqu\u00eate du Japon et de ses traditions. Au fil du temps, nous avons d\u00e9velopp\u00e9 nos techniques pour qu\u2019elles soient les plus proches des m\u00e9thodes utilis\u00e9es au pays. Nos chefs prennent chaque jour plaisir \u00e0 \u00e9laborer des plats de qualit\u00e9. Notre \u00e9quipe, elle, vous offre un service sur mesure modul\u00e9 au gr\u00e9 de vos envies.[\/vc_column_text][\/vc_column][\/vc_row][vc_row full_width=&#8221;stretch_row&#8221; equal_height=&#8221;yes&#8221; content_placement=&#8221;middle&#8221; css=&#8221;.vc_custom_1656666053179{padding-top: 10% !important;padding-bottom: 10% !important;background-image: url(https:\/\/sushi-affligem.be\/wp-content\/uploads\/2022\/07\/test-sushi-affligem.png?id=242) !important;background-position: center !important;background-repeat: no-repeat !important;background-size: cover !important;}&#8221; el_class=&#8221;class-attach&#8221;][vc_column][vc_row_inner][vc_column_inner width=&#8221;1\/2&#8243;][vc_column_text el_class=&#8221;class-white&#8221;]Le but de notre organisation est de vous fournir une exp\u00e9rience in\u00e9dite et m\u00e9morable. En choisissant So Sushi, vous \u00eates certains de prendre la bonne d\u00e9cision. Nous faisons toujours en sorte de vous satisfaire et de r\u00e9pondre \u00e0 vos besoins. En plus de travailler avec des chefs talentueux, nous avons \u00e9labor\u00e9 un syst\u00e8me de commande simple et efficace. Il vous permet de s\u00e9lectionner votre menu int\u00e9gralement en ligne et en seulement quelques minutes. Vous acc\u00e9dez \u00e0 notre carte directement de chez vous, sur internet, et vous pouvez composer en toute simplicit\u00e9, le repas de votre choix.[\/vc_column_text][\/vc_column_inner][vc_column_inner width=&#8221;1\/2&#8243;][\/vc_column_inner][\/vc_row_inner][\/vc_column][\/vc_row][vc_row full_width=&#8221;stretch_row&#8221; equal_height=&#8221;yes&#8221; content_placement=&#8221;middle&#8221;][vc_column width=&#8221;1\/2&#8243;][vc_single_image image=&#8221;186&#8243; img_size=&#8221;full&#8221; alignment=&#8221;center&#8221; el_class=&#8221;class-margg&#8221;][\/vc_column][vc_column width=&#8221;1\/2&#8243;][vc_column_text]Finies les longues files d\u2019attente, votre menu vous sera livr\u00e9 suivant les modalit\u00e9s choisies. Chez So Sushi, vous pouvez manger dans notre restaurant, si vous faites le choix de sortir manger \u00e0 l\u2019ext\u00e9rieur. Vous avez \u00e9galement la possibilit\u00e9 de commander \u00e0 emporter. Notre \u00e9quipe pr\u00e9pare votre commande et vous pr\u00e9vient lorsque vous pouvez venir la chercher. Elle sera alors disponible dans notre point Click &amp; Collect. Si, en revanche, vous ne voulez pas sortir de chez vous, nous livrons aussi \u00e0 domicile dans un rayon de 10 kilom\u00e8tres (Asbeek, Zierbeek, Asse, Ninove, Ternat, Liedekerke Lennik, Roosdaal, Schepdaal Wambeek). Une mani\u00e8re pour nous de rendre la cuisine japonaise accessible \u00e0 tout moment et en tous lieux.<\/p>\n<p>Une question \u00e0 nous poser\u00a0? N\u2019h\u00e9sitez pas \u00e0 prendre contact avec notre \u00e9quipe pour que nous puissions vous r\u00e9pondre le plus rapidement possible. Nous tenons \u00e0 \u00eatre l\u00e0 pour vous et \u00e0 vous guider dans cette exp\u00e9rience savoureuse.[\/vc_column_text][\/vc_column][\/vc_row]<\/p>\n<\/div>","protected":false},"excerpt":{"rendered":"<p>[vc_row full_width=&#8221;stretch_row&#8221; gap=&#8221;25&#8243; equal_height=&#8221;yes&#8221; content_placement=&#8221;middle&#8221; css=&#8221;.vc_custom_1656438480693{background-image: url(https:\/\/sushi-affligem.be\/wp-content\/uploads\/2022\/06\/bg-bambo-sushi-affligem.png?id=94) !important;background-position: center !important;background-repeat: no-repeat !important;background-size: cover !important;}&#8221;][vc_column width=&#8221;1\/2&#8243;][vc_single_image image=&#8221;153&#8243; img_size=&#8221;full&#8221; alignment=&#8221;center&#8221; el_class=&#8221;class-marg&#8221;][\/vc_column][vc_column width=&#8221;1\/2&#8243;][vc_column_text] So Sushi Affligem, un hommage au<span class=\"excerpt-hellip\"> [\u2026]<\/span><\/p>\n","protected":false},"author":1,"featured_media":0,"parent":0,"menu_order":0,"comment_status":"closed","ping_status":"closed","template":"","meta":{"footnotes":""},"class_list":["post-1779","page","type-page","status-publish","hentry"],"yoast_head":"<!-- This site is optimized with the Yoast SEO plugin v27.5 - https:\/\/yoast.com\/product\/yoast-seo-wordpress\/ -->\n<title>\u00c0 propos - So Sushi Affligem<\/title>\n<meta name=\"robots\" content=\"index, follow, max-snippet:-1, max-image-preview:large, max-video-preview:-1\" \/>\n<link rel=\"canonical\" href=\"https:\/\/sushi-affligem.be\/nl\/a-propos\/\" \/>\n<meta property=\"og:locale\" content=\"nl_NL\" \/>\n<meta property=\"og:type\" content=\"article\" \/>\n<meta property=\"og:title\" content=\"\u00c0 propos - So Sushi Affligem\" \/>\n<meta property=\"og:description\" content=\"[vc_row full_width=&#8221;stretch_row&#8221; gap=&#8221;25&#8243; equal_height=&#8221;yes&#8221; content_placement=&#8221;middle&#8221; css=&#8221;.vc_custom_1656438480693{background-image: url(https:\/\/sushi-affligem.be\/wp-content\/uploads\/2022\/06\/bg-bambo-sushi-affligem.png?id=94) !important;background-position: center !important;background-repeat: no-repeat !important;background-size: cover !important;}&#8221;][vc_column width=&#8221;1\/2&#8243;][vc_single_image image=&#8221;153&#8243; img_size=&#8221;full&#8221; alignment=&#8221;center&#8221; el_class=&#8221;class-marg&#8221;][\/vc_column][vc_column width=&#8221;1\/2&#8243;][vc_column_text] So Sushi Affligem, un hommage au [\u2026]\" \/>\n<meta property=\"og:url\" content=\"https:\/\/sushi-affligem.be\/nl\/a-propos\/\" \/>\n<meta property=\"og:site_name\" content=\"So Sushi Affligem\" \/>\n<meta name=\"twitter:card\" content=\"summary_large_image\" \/>\n<meta name=\"twitter:label1\" content=\"Geschatte leestijd\" \/>\n\t<meta name=\"twitter:data1\" content=\"3 minuten\" \/>\n<script type=\"application\/ld+json\" class=\"yoast-schema-graph\">{\"@context\":\"https:\\\/\\\/schema.org\",\"@graph\":[{\"@type\":\"WebPage\",\"@id\":\"https:\\\/\\\/sushi-affligem.be\\\/nl\\\/a-propos\\\/\",\"url\":\"https:\\\/\\\/sushi-affligem.be\\\/nl\\\/a-propos\\\/\",\"name\":\"\u00c0 propos - So Sushi Affligem\",\"isPartOf\":{\"@id\":\"https:\\\/\\\/sushi-affligem.be\\\/nl\\\/#website\"},\"datePublished\":\"2022-06-27T17:20:10+00:00\",\"breadcrumb\":{\"@id\":\"https:\\\/\\\/sushi-affligem.be\\\/nl\\\/a-propos\\\/#breadcrumb\"},\"inLanguage\":\"nl-NL\",\"potentialAction\":[{\"@type\":\"ReadAction\",\"target\":[\"https:\\\/\\\/sushi-affligem.be\\\/nl\\\/a-propos\\\/\"]}]},{\"@type\":\"BreadcrumbList\",\"@id\":\"https:\\\/\\\/sushi-affligem.be\\\/nl\\\/a-propos\\\/#breadcrumb\",\"itemListElement\":[{\"@type\":\"ListItem\",\"position\":1,\"name\":\"Accueil\",\"item\":\"https:\\\/\\\/sushi-affligem.be\\\/nl\\\/accueil\\\/\"},{\"@type\":\"ListItem\",\"position\":2,\"name\":\"\u00c0 propos\"}]},{\"@type\":\"WebSite\",\"@id\":\"https:\\\/\\\/sushi-affligem.be\\\/nl\\\/#website\",\"url\":\"https:\\\/\\\/sushi-affligem.be\\\/nl\\\/\",\"name\":\"So Sushi Affligem\",\"description\":\"\",\"publisher\":{\"@id\":\"https:\\\/\\\/sushi-affligem.be\\\/nl\\\/#organization\"},\"potentialAction\":[{\"@type\":\"SearchAction\",\"target\":{\"@type\":\"EntryPoint\",\"urlTemplate\":\"https:\\\/\\\/sushi-affligem.be\\\/nl\\\/?s={search_term_string}\"},\"query-input\":{\"@type\":\"PropertyValueSpecification\",\"valueRequired\":true,\"valueName\":\"search_term_string\"}}],\"inLanguage\":\"nl-NL\"},{\"@type\":\"Organization\",\"@id\":\"https:\\\/\\\/sushi-affligem.be\\\/nl\\\/#organization\",\"name\":\"So Sushi Affligem\",\"url\":\"https:\\\/\\\/sushi-affligem.be\\\/nl\\\/\",\"logo\":{\"@type\":\"ImageObject\",\"inLanguage\":\"nl-NL\",\"@id\":\"https:\\\/\\\/sushi-affligem.be\\\/nl\\\/#\\\/schema\\\/logo\\\/image\\\/\",\"url\":\"https:\\\/\\\/sushi-affligem.be\\\/wp-content\\\/uploads\\\/2022\\\/06\\\/logo-sushi-affligem-removebg-preview.png\",\"contentUrl\":\"https:\\\/\\\/sushi-affligem.be\\\/wp-content\\\/uploads\\\/2022\\\/06\\\/logo-sushi-affligem-removebg-preview.png\",\"width\":121,\"height\":121,\"caption\":\"So Sushi Affligem\"},\"image\":{\"@id\":\"https:\\\/\\\/sushi-affligem.be\\\/nl\\\/#\\\/schema\\\/logo\\\/image\\\/\"}}]}<\/script>\n<!-- \/ Yoast SEO plugin. -->","yoast_head_json":{"title":"\u00c0 propos - So Sushi Affligem","robots":{"index":"index","follow":"follow","max-snippet":"max-snippet:-1","max-image-preview":"max-image-preview:large","max-video-preview":"max-video-preview:-1"},"canonical":"https:\/\/sushi-affligem.be\/nl\/a-propos\/","og_locale":"nl_NL","og_type":"article","og_title":"\u00c0 propos - So Sushi Affligem","og_description":"[vc_row full_width=&#8221;stretch_row&#8221; gap=&#8221;25&#8243; equal_height=&#8221;yes&#8221; content_placement=&#8221;middle&#8221; css=&#8221;.vc_custom_1656438480693{background-image: url(https:\/\/sushi-affligem.be\/wp-content\/uploads\/2022\/06\/bg-bambo-sushi-affligem.png?id=94) !important;background-position: center !important;background-repeat: no-repeat !important;background-size: cover !important;}&#8221;][vc_column width=&#8221;1\/2&#8243;][vc_single_image image=&#8221;153&#8243; img_size=&#8221;full&#8221; alignment=&#8221;center&#8221; el_class=&#8221;class-marg&#8221;][\/vc_column][vc_column width=&#8221;1\/2&#8243;][vc_column_text] So Sushi Affligem, un hommage au [\u2026]","og_url":"https:\/\/sushi-affligem.be\/nl\/a-propos\/","og_site_name":"So Sushi Affligem","twitter_card":"summary_large_image","twitter_misc":{"Geschatte leestijd":"3 minuten"},"schema":{"@context":"https:\/\/schema.org","@graph":[{"@type":"WebPage","@id":"https:\/\/sushi-affligem.be\/nl\/a-propos\/","url":"https:\/\/sushi-affligem.be\/nl\/a-propos\/","name":"\u00c0 propos - So Sushi Affligem","isPartOf":{"@id":"https:\/\/sushi-affligem.be\/nl\/#website"},"datePublished":"2022-06-27T17:20:10+00:00","breadcrumb":{"@id":"https:\/\/sushi-affligem.be\/nl\/a-propos\/#breadcrumb"},"inLanguage":"nl-NL","potentialAction":[{"@type":"ReadAction","target":["https:\/\/sushi-affligem.be\/nl\/a-propos\/"]}]},{"@type":"BreadcrumbList","@id":"https:\/\/sushi-affligem.be\/nl\/a-propos\/#breadcrumb","itemListElement":[{"@type":"ListItem","position":1,"name":"Accueil","item":"https:\/\/sushi-affligem.be\/nl\/accueil\/"},{"@type":"ListItem","position":2,"name":"\u00c0 propos"}]},{"@type":"WebSite","@id":"https:\/\/sushi-affligem.be\/nl\/#website","url":"https:\/\/sushi-affligem.be\/nl\/","name":"So Sushi Affligem","description":"","publisher":{"@id":"https:\/\/sushi-affligem.be\/nl\/#organization"},"potentialAction":[{"@type":"SearchAction","target":{"@type":"EntryPoint","urlTemplate":"https:\/\/sushi-affligem.be\/nl\/?s={search_term_string}"},"query-input":{"@type":"PropertyValueSpecification","valueRequired":true,"valueName":"search_term_string"}}],"inLanguage":"nl-NL"},{"@type":"Organization","@id":"https:\/\/sushi-affligem.be\/nl\/#organization","name":"So Sushi Affligem","url":"https:\/\/sushi-affligem.be\/nl\/","logo":{"@type":"ImageObject","inLanguage":"nl-NL","@id":"https:\/\/sushi-affligem.be\/nl\/#\/schema\/logo\/image\/","url":"https:\/\/sushi-affligem.be\/wp-content\/uploads\/2022\/06\/logo-sushi-affligem-removebg-preview.png","contentUrl":"https:\/\/sushi-affligem.be\/wp-content\/uploads\/2022\/06\/logo-sushi-affligem-removebg-preview.png","width":121,"height":121,"caption":"So Sushi Affligem"},"image":{"@id":"https:\/\/sushi-affligem.be\/nl\/#\/schema\/logo\/image\/"}}]}},"_links":{"self":[{"href":"https:\/\/sushi-affligem.be\/nl\/wp-json\/wp\/v2\/pages\/1779","targetHints":{"allow":["GET"]}}],"collection":[{"href":"https:\/\/sushi-affligem.be\/nl\/wp-json\/wp\/v2\/pages"}],"about":[{"href":"https:\/\/sushi-affligem.be\/nl\/wp-json\/wp\/v2\/types\/page"}],"author":[{"embeddable":true,"href":"https:\/\/sushi-affligem.be\/nl\/wp-json\/wp\/v2\/users\/1"}],"replies":[{"embeddable":true,"href":"https:\/\/sushi-affligem.be\/nl\/wp-json\/wp\/v2\/comments?post=1779"}],"version-history":[{"count":0,"href":"https:\/\/sushi-affligem.be\/nl\/wp-json\/wp\/v2\/pages\/1779\/revisions"}],"wp:attachment":[{"href":"https:\/\/sushi-affligem.be\/nl\/wp-json\/wp\/v2\/media?parent=1779"}],"curies":[{"name":"wp","href":"https:\/\/api.w.org\/{rel}","templated":true}]}}