{"id":1776,"date":"2022-06-27T17:22:22","date_gmt":"2022-06-27T17:22:22","guid":{"rendered":"https:\/\/sushi-affligem.be\/boite-a-lunch-b2b\/"},"modified":"2022-06-27T17:22:22","modified_gmt":"2022-06-27T17:22:22","slug":"boite-a-lunch-b2b","status":"publish","type":"page","link":"https:\/\/sushi-affligem.be\/nl\/boite-a-lunch-b2b\/","title":{"rendered":"Bo\u00eete \u00e0 lunch \u2013 B2B"},"content":{"rendered":"<div class=\"wpb-content-wrapper\"><p>[vc_row full_width=&#8221;stretch_row&#8221; equal_height=&#8221;yes&#8221; content_placement=&#8221;middle&#8221; css=&#8221;.vc_custom_1656688936795{margin-top: 40px !important;}&#8221; el_class=&#8221;reverse&#8221;][vc_column width=&#8221;1\/2&#8243;][vc_column_text]<\/p>\n<h2><strong>Lunch boxes \u2013 La solution de So Sushi pour vous amener les saveurs du Japon au travail<\/strong><\/h2>\n<p>\u00c0 Affligem, pr\u00e8s de Ternat et Ninove, So Sushi est l\u2019un des meilleurs restaurants de sushis belges. Nous souhaitons que chacun ait facilement acc\u00e8s aux recettes japonaises les plus authentiques qui soient. Pour ce faire, nous avons pens\u00e9 \u00e0 un service prenant en compte les professionnels et les entreprises.<\/p>\n<p>Nous vous proposons de d\u00e9licieux sushis \u00e0 d\u00e9guster sur votre lieu de travail. Ceci gr\u00e2ce \u00e0 une commande pass\u00e9e int\u00e9gralement en ligne. En effet, nous avons con\u00e7u des lunch boxes que nous vous livrons directement au bureau. En quelques minutes, vous finalisez votre commande et la r\u00e9cup\u00e9rez \u00e0 l\u2019endroit de votre choix\u00a0: au point Click &amp; Collect ou sur votre lieu de travail. Notre \u00e9quipe s\u2019adapte \u00e0 vos envies et vous fournit le service ad\u00e9quat.[\/vc_column_text][\/vc_column][vc_column width=&#8221;1\/2&#8243;][vc_single_image image=&#8221;218&#8243; img_size=&#8221;full&#8221; alignment=&#8221;center&#8221;][\/vc_column][\/vc_row][vc_row full_width=&#8221;stretch_row&#8221; equal_height=&#8221;yes&#8221; content_placement=&#8221;middle&#8221; css=&#8221;.vc_custom_1656669711982{padding-top: 10% !important;padding-bottom: 10% !important;background-image: url(https:\/\/sushi-affligem.be\/wp-content\/uploads\/2022\/07\/bg-h2-sushi-affligem.png?id=277) !important;background-position: center !important;background-repeat: no-repeat !important;background-size: cover !important;}&#8221; el_class=&#8221;class-attach&#8221;][vc_column][vc_row_inner][vc_column_inner width=&#8221;1\/2&#8243;][\/vc_column_inner][vc_column_inner width=&#8221;1\/2&#8243;][vc_column_text el_class=&#8221;class-white&#8221;]Ainsi, vous pourriez savourer nos sushis sur votre temps de midi, entre coll\u00e8gues. Nous pr\u00e9parons \u00e9galement des menus pour accompagner vos meetings professionnels et vos rencontres avec vos clients ou vos associ\u00e9s. En d\u2019autres termes, nous vous concoctons de merveilleux plats japonais pour toutes vos occasions professionnelles.[\/vc_column_text][\/vc_column_inner][\/vc_row_inner][\/vc_column][\/vc_row][vc_row full_width=&#8221;stretch_row&#8221; equal_height=&#8221;yes&#8221; content_placement=&#8221;middle&#8221; css=&#8221;.vc_custom_1656688936795{margin-top: 40px !important;}&#8221; el_class=&#8221;reverse&#8221;][vc_column width=&#8221;1\/2&#8243;][vc_column_text]Notre syst\u00e8me de commande en ligne vous permet de ne pas vous d\u00e9placer et de proc\u00e9der rapidement \u00e0 la conception de votre menu. Vous avez la possibilit\u00e9 de rester au travail et d\u2019envoyer votre commande en cinq petites minutes. Vous restez donc productifs et concentr\u00e9s sur vos t\u00e2ches professionnelles.<\/p>\n<p>Si vous \u00eates int\u00e9ress\u00e9s par notre service traiteur aux entreprises, n\u2019oubliez pas de nous contacter au pr\u00e9alable. Nous avons besoin de communiquer avec vous au sujet de vos attentes. Ceci afin d\u2019y r\u00e9pondre du mieux possible et d\u2019accompagner vos \u00e9v\u00e9nements professionnels. Nous devons \u00e9galement vous donner plus d\u2019informations quant aux conditions sp\u00e9ciales de nos lunch boxes. Notez, par exemple, que nous livrons dans un rayon de 10 kilom\u00e8tres.<\/p>\n<p>Sachez que, si vous faites appel \u00e0 So Sushi, vous \u00eates certains de faire appel \u00e0 un service de qualit\u00e9, men\u00e9 par une \u00e9quipe \u00e0 l\u2019\u00e9coute et disponible. Vos collaborateurs et vous-m\u00eames appr\u00e9cierez ce moment hors du temps, riche en go\u00fbt et en authenticit\u00e9.[\/vc_column_text][\/vc_column][vc_column width=&#8221;1\/2&#8243;][vc_single_image image=&#8221;222&#8243; img_size=&#8221;full&#8221; alignment=&#8221;center&#8221; el_class=&#8221;class-margg&#8221;][\/vc_column][\/vc_row]<\/p>\n<\/div>","protected":false},"excerpt":{"rendered":"<p>[vc_row full_width=&#8221;stretch_row&#8221; equal_height=&#8221;yes&#8221; content_placement=&#8221;middle&#8221; css=&#8221;.vc_custom_1656688936795{margin-top: 40px !important;}&#8221; el_class=&#8221;reverse&#8221;][vc_column width=&#8221;1\/2&#8243;][vc_column_text] Lunch boxes \u2013 La solution de So Sushi pour vous amener les saveurs du Japon au travail<span class=\"excerpt-hellip\"> [\u2026]<\/span><\/p>\n","protected":false},"author":1,"featured_media":0,"parent":0,"menu_order":0,"comment_status":"closed","ping_status":"closed","template":"","meta":{"footnotes":""},"class_list":["post-1776","page","type-page","status-publish","hentry"],"yoast_head":"<!-- This site is optimized with the Yoast SEO plugin v27.5 - https:\/\/yoast.com\/product\/yoast-seo-wordpress\/ -->\n<title>Bo\u00eete \u00e0 lunch \u2013 B2B - So Sushi Affligem<\/title>\n<meta name=\"robots\" content=\"index, follow, max-snippet:-1, max-image-preview:large, max-video-preview:-1\" \/>\n<link rel=\"canonical\" href=\"https:\/\/sushi-affligem.be\/nl\/boite-a-lunch-b2b\/\" \/>\n<meta property=\"og:locale\" content=\"nl_NL\" \/>\n<meta property=\"og:type\" content=\"article\" \/>\n<meta property=\"og:title\" content=\"Bo\u00eete \u00e0 lunch \u2013 B2B - So Sushi Affligem\" \/>\n<meta property=\"og:description\" content=\"[vc_row full_width=&#8221;stretch_row&#8221; equal_height=&#8221;yes&#8221; content_placement=&#8221;middle&#8221; css=&#8221;.vc_custom_1656688936795{margin-top: 40px !important;}&#8221; el_class=&#8221;reverse&#8221;][vc_column width=&#8221;1\/2&#8243;][vc_column_text] Lunch boxes \u2013 La solution de So Sushi pour vous amener les saveurs du Japon au travail [\u2026]\" \/>\n<meta property=\"og:url\" content=\"https:\/\/sushi-affligem.be\/nl\/boite-a-lunch-b2b\/\" \/>\n<meta property=\"og:site_name\" content=\"So Sushi Affligem\" \/>\n<meta name=\"twitter:card\" content=\"summary_large_image\" \/>\n<meta name=\"twitter:label1\" content=\"Geschatte leestijd\" \/>\n\t<meta name=\"twitter:data1\" content=\"3 minuten\" \/>\n<script type=\"application\/ld+json\" class=\"yoast-schema-graph\">{\"@context\":\"https:\\\/\\\/schema.org\",\"@graph\":[{\"@type\":\"WebPage\",\"@id\":\"https:\\\/\\\/sushi-affligem.be\\\/nl\\\/boite-a-lunch-b2b\\\/\",\"url\":\"https:\\\/\\\/sushi-affligem.be\\\/nl\\\/boite-a-lunch-b2b\\\/\",\"name\":\"Bo\u00eete \u00e0 lunch \u2013 B2B - So Sushi Affligem\",\"isPartOf\":{\"@id\":\"https:\\\/\\\/sushi-affligem.be\\\/nl\\\/#website\"},\"datePublished\":\"2022-06-27T17:22:22+00:00\",\"breadcrumb\":{\"@id\":\"https:\\\/\\\/sushi-affligem.be\\\/nl\\\/boite-a-lunch-b2b\\\/#breadcrumb\"},\"inLanguage\":\"nl-NL\",\"potentialAction\":[{\"@type\":\"ReadAction\",\"target\":[\"https:\\\/\\\/sushi-affligem.be\\\/nl\\\/boite-a-lunch-b2b\\\/\"]}]},{\"@type\":\"BreadcrumbList\",\"@id\":\"https:\\\/\\\/sushi-affligem.be\\\/nl\\\/boite-a-lunch-b2b\\\/#breadcrumb\",\"itemListElement\":[{\"@type\":\"ListItem\",\"position\":1,\"name\":\"Accueil\",\"item\":\"https:\\\/\\\/sushi-affligem.be\\\/nl\\\/accueil\\\/\"},{\"@type\":\"ListItem\",\"position\":2,\"name\":\"Bo\u00eete \u00e0 lunch \u2013 B2B\"}]},{\"@type\":\"WebSite\",\"@id\":\"https:\\\/\\\/sushi-affligem.be\\\/nl\\\/#website\",\"url\":\"https:\\\/\\\/sushi-affligem.be\\\/nl\\\/\",\"name\":\"So Sushi Affligem\",\"description\":\"\",\"publisher\":{\"@id\":\"https:\\\/\\\/sushi-affligem.be\\\/nl\\\/#organization\"},\"potentialAction\":[{\"@type\":\"SearchAction\",\"target\":{\"@type\":\"EntryPoint\",\"urlTemplate\":\"https:\\\/\\\/sushi-affligem.be\\\/nl\\\/?s={search_term_string}\"},\"query-input\":{\"@type\":\"PropertyValueSpecification\",\"valueRequired\":true,\"valueName\":\"search_term_string\"}}],\"inLanguage\":\"nl-NL\"},{\"@type\":\"Organization\",\"@id\":\"https:\\\/\\\/sushi-affligem.be\\\/nl\\\/#organization\",\"name\":\"So Sushi Affligem\",\"url\":\"https:\\\/\\\/sushi-affligem.be\\\/nl\\\/\",\"logo\":{\"@type\":\"ImageObject\",\"inLanguage\":\"nl-NL\",\"@id\":\"https:\\\/\\\/sushi-affligem.be\\\/nl\\\/#\\\/schema\\\/logo\\\/image\\\/\",\"url\":\"https:\\\/\\\/sushi-affligem.be\\\/wp-content\\\/uploads\\\/2022\\\/06\\\/logo-sushi-affligem-removebg-preview.png\",\"contentUrl\":\"https:\\\/\\\/sushi-affligem.be\\\/wp-content\\\/uploads\\\/2022\\\/06\\\/logo-sushi-affligem-removebg-preview.png\",\"width\":121,\"height\":121,\"caption\":\"So Sushi Affligem\"},\"image\":{\"@id\":\"https:\\\/\\\/sushi-affligem.be\\\/nl\\\/#\\\/schema\\\/logo\\\/image\\\/\"}}]}<\/script>\n<!-- \/ Yoast SEO plugin. -->","yoast_head_json":{"title":"Bo\u00eete \u00e0 lunch \u2013 B2B - So Sushi Affligem","robots":{"index":"index","follow":"follow","max-snippet":"max-snippet:-1","max-image-preview":"max-image-preview:large","max-video-preview":"max-video-preview:-1"},"canonical":"https:\/\/sushi-affligem.be\/nl\/boite-a-lunch-b2b\/","og_locale":"nl_NL","og_type":"article","og_title":"Bo\u00eete \u00e0 lunch \u2013 B2B - So Sushi Affligem","og_description":"[vc_row full_width=&#8221;stretch_row&#8221; equal_height=&#8221;yes&#8221; content_placement=&#8221;middle&#8221; css=&#8221;.vc_custom_1656688936795{margin-top: 40px !important;}&#8221; el_class=&#8221;reverse&#8221;][vc_column width=&#8221;1\/2&#8243;][vc_column_text] Lunch boxes \u2013 La solution de So Sushi pour vous amener les saveurs du Japon au travail [\u2026]","og_url":"https:\/\/sushi-affligem.be\/nl\/boite-a-lunch-b2b\/","og_site_name":"So Sushi Affligem","twitter_card":"summary_large_image","twitter_misc":{"Geschatte leestijd":"3 minuten"},"schema":{"@context":"https:\/\/schema.org","@graph":[{"@type":"WebPage","@id":"https:\/\/sushi-affligem.be\/nl\/boite-a-lunch-b2b\/","url":"https:\/\/sushi-affligem.be\/nl\/boite-a-lunch-b2b\/","name":"Bo\u00eete \u00e0 lunch \u2013 B2B - So Sushi Affligem","isPartOf":{"@id":"https:\/\/sushi-affligem.be\/nl\/#website"},"datePublished":"2022-06-27T17:22:22+00:00","breadcrumb":{"@id":"https:\/\/sushi-affligem.be\/nl\/boite-a-lunch-b2b\/#breadcrumb"},"inLanguage":"nl-NL","potentialAction":[{"@type":"ReadAction","target":["https:\/\/sushi-affligem.be\/nl\/boite-a-lunch-b2b\/"]}]},{"@type":"BreadcrumbList","@id":"https:\/\/sushi-affligem.be\/nl\/boite-a-lunch-b2b\/#breadcrumb","itemListElement":[{"@type":"ListItem","position":1,"name":"Accueil","item":"https:\/\/sushi-affligem.be\/nl\/accueil\/"},{"@type":"ListItem","position":2,"name":"Bo\u00eete \u00e0 lunch \u2013 B2B"}]},{"@type":"WebSite","@id":"https:\/\/sushi-affligem.be\/nl\/#website","url":"https:\/\/sushi-affligem.be\/nl\/","name":"So Sushi Affligem","description":"","publisher":{"@id":"https:\/\/sushi-affligem.be\/nl\/#organization"},"potentialAction":[{"@type":"SearchAction","target":{"@type":"EntryPoint","urlTemplate":"https:\/\/sushi-affligem.be\/nl\/?s={search_term_string}"},"query-input":{"@type":"PropertyValueSpecification","valueRequired":true,"valueName":"search_term_string"}}],"inLanguage":"nl-NL"},{"@type":"Organization","@id":"https:\/\/sushi-affligem.be\/nl\/#organization","name":"So Sushi Affligem","url":"https:\/\/sushi-affligem.be\/nl\/","logo":{"@type":"ImageObject","inLanguage":"nl-NL","@id":"https:\/\/sushi-affligem.be\/nl\/#\/schema\/logo\/image\/","url":"https:\/\/sushi-affligem.be\/wp-content\/uploads\/2022\/06\/logo-sushi-affligem-removebg-preview.png","contentUrl":"https:\/\/sushi-affligem.be\/wp-content\/uploads\/2022\/06\/logo-sushi-affligem-removebg-preview.png","width":121,"height":121,"caption":"So Sushi Affligem"},"image":{"@id":"https:\/\/sushi-affligem.be\/nl\/#\/schema\/logo\/image\/"}}]}},"_links":{"self":[{"href":"https:\/\/sushi-affligem.be\/nl\/wp-json\/wp\/v2\/pages\/1776","targetHints":{"allow":["GET"]}}],"collection":[{"href":"https:\/\/sushi-affligem.be\/nl\/wp-json\/wp\/v2\/pages"}],"about":[{"href":"https:\/\/sushi-affligem.be\/nl\/wp-json\/wp\/v2\/types\/page"}],"author":[{"embeddable":true,"href":"https:\/\/sushi-affligem.be\/nl\/wp-json\/wp\/v2\/users\/1"}],"replies":[{"embeddable":true,"href":"https:\/\/sushi-affligem.be\/nl\/wp-json\/wp\/v2\/comments?post=1776"}],"version-history":[{"count":0,"href":"https:\/\/sushi-affligem.be\/nl\/wp-json\/wp\/v2\/pages\/1776\/revisions"}],"wp:attachment":[{"href":"https:\/\/sushi-affligem.be\/nl\/wp-json\/wp\/v2\/media?parent=1776"}],"curies":[{"name":"wp","href":"https:\/\/api.w.org\/{rel}","templated":true}]}}