{"id":1775,"date":"2022-06-27T17:22:52","date_gmt":"2022-06-27T17:22:52","guid":{"rendered":"https:\/\/sushi-affligem.be\/contact\/"},"modified":"2022-06-27T17:22:52","modified_gmt":"2022-06-27T17:22:52","slug":"contact","status":"publish","type":"page","link":"https:\/\/sushi-affligem.be\/nl\/contact\/","title":{"rendered":"Contact"},"content":{"rendered":"<div class=\"wpb-content-wrapper\"><p>[vc_row full_width=&#8221;stretch_row&#8221; equal_height=&#8221;yes&#8221; content_placement=&#8221;middle&#8221; css=&#8221;.vc_custom_1656689976060{margin-top: 35px !important;}&#8221; el_class=&#8221;reverse&#8221;][vc_column width=&#8221;1\/2&#8243;][vc_column_text]Vous souhaitez vous rendre sur notre menu afin de proc\u00e9der \u00e0 une<br \/>\ncommande ? Rien de plus simple, il vous suffit de cliquer sur ce lien :<\/p>\n<p>L&#8217;ensemble de nos entr\u00e9es, nos plats et nos desserts vous y attendent. Vous craquerez certainement pour nos Gyozas, nos Soupes Miso, nos Makis Rolls, nos Nems ou nos Nigiris. Quoi qu&#8217;il en soit, faites votre choix en quelques clics. Votre commande sera finalis\u00e9e en cinq minutes seulement.<\/p>\n<p>Donnez-nous \u00e9galement votre pr\u00e9f\u00e9rence de retrait. Chez So Sushi, c&#8217;est vous qui d\u00e9cidez o\u00f9 d\u00e9guster vos d\u00e9licieux sushis japonais. Notre \u00e9quipe s&#8217;adapte \u00e0 votre planning et vous livre votre repas selon vos d\u00e9sirs. Notre salle de restaurant vous est ouverte et vous accueille chaleureusement pour une soir\u00e9e en amoureux, en famille ou entre amis. Notre point Click &amp; Collect vous attend pour la r\u00e9ception de vos commandes \u00e0 emporter. Notre \u00e9quipe, elle, se tient pr\u00eate \u00e0 vous livrer vos menus dans un rayon de 10 kilom\u00e8tres (Asse, Ternat, Roosdaal, Lennik, Ninove, Wambeek, Liedekerke, Zierbeek, Schepdaal).[\/vc_column_text][\/vc_column][vc_column width=&#8221;1\/2&#8243;][vc_single_image image=&#8221;290&#8243; img_size=&#8221;full&#8221; alignment=&#8221;center&#8221; el_class=&#8221;class-margg1&#8243;][\/vc_column][\/vc_row][vc_row full_width=&#8221;stretch_row&#8221; equal_height=&#8221;yes&#8221; content_placement=&#8221;middle&#8221;][vc_column width=&#8221;1\/2&#8243;][vc_single_image image=&#8221;283&#8243; img_size=&#8221;full&#8221; alignment=&#8221;center&#8221; el_class=&#8221;class-margg1&#8243;][\/vc_column][vc_column width=&#8221;1\/2&#8243;][vc_column_text]Nous nous adaptons \u00e0 vos plans et \u00e0 votre organisation dans le seul but de vous octroyer une parenth\u00e8se de douceur. Nous aimons aussi prendre part \u00e0 vos \u00e9v\u00e9nements qu\u2019ils soient priv\u00e9s ou professionnels. Vous pourriez notamment \u00eatre s\u00e9duits par nos plateaux de sushis, qui raviront tout le monde. Nous avons la solution id\u00e9ale pour tous vos repas et toutes vos occasions. Nous proposons \u00e9galement des lunch boxes imagin\u00e9es pour les professionnels qui souhaitent manger des sushis au bureau.<\/p>\n<p>L\u2019ensemble de notre \u00e9quipe se veut proche de vous dans le but de cr\u00e9er un r\u00e9el lien de confiance avec notre client\u00e8le. Ceci afin de vous sentir bien et d\u2019appr\u00e9cier ce moment. Nous avons \u00e0 c\u0153ur d\u2019\u00eatre aupr\u00e8s de vous, de vous guider dans vos choix et de vous accueillir dans notre restaurant, quand vous le souhaitez. Nous nous tenons \u00e0 votre disposition pour tout compl\u00e9ments d\u2019informations (allerg\u00e8nes, modes de livraison, produits, ingr\u00e9dients, etc.). Contactez-nous par t\u00e9l\u00e9phone, mail ou en remplissant le formulaire de contact. Nous reviendrons vers vous le plus vite possible.[\/vc_column_text][\/vc_column][\/vc_row][vc_row full_width=&#8221;stretch_row_content&#8221; equal_height=&#8221;yes&#8221; css=&#8221;.vc_custom_1656690567060{padding-top: 2% !important;padding-right: 20% !important;padding-left: 20% !important;background-image: url(https:\/\/sushi-affligem.be\/wp-content\/uploads\/2022\/06\/bg-color-Rolls-sushi-affligem-1.png?id=166) !important;background-position: center !important;background-repeat: no-repeat !important;background-size: cover !important;}&#8221;][vc_column][vc_column_text el_class=&#8221;class-h2&#8243;]<\/p>\n<h2 style=\"text-align: center; color: #dcbf77; font-size: 35px;\"><strong>So Sushi Lasne &#8211; Contact<\/strong><\/h2>\n<p style=\"text-align: center;\">Toute l\u2019\u00e9quipe du restaurant So Sushi Lasne est \u00e0 votre disposition pour r\u00e9pondre \u00e0 vos demandes car votre satisfaction est notre plus belle r\u00e9compense.<\/p>\n<p>[\/vc_column_text][vc_row_inner equal_height=&#8221;yes&#8221; content_placement=&#8221;middle&#8221;][vc_column_inner width=&#8221;1\/6&#8243;][\/vc_column_inner][vc_column_inner width=&#8221;2\/3&#8243;]\n<div class=\"wpcf7 no-js\" id=\"wpcf7-f7-o1\" lang=\"fr-FR\" dir=\"ltr\" data-wpcf7-id=\"7\">\n<div class=\"screen-reader-response\"><p role=\"status\" aria-live=\"polite\" aria-atomic=\"true\"><\/p> <ul><\/ul><\/div>\n<form action=\"\/nl\/wp-json\/wp\/v2\/pages\/1775#wpcf7-f7-o1\" method=\"post\" class=\"wpcf7-form init\" aria-label=\"Formulaire de contact\" novalidate=\"novalidate\" data-status=\"init\">\n<fieldset class=\"hidden-fields-container\"><input type=\"hidden\" name=\"_wpcf7\" value=\"7\" \/><input type=\"hidden\" name=\"_wpcf7_version\" value=\"6.1.5\" \/><input type=\"hidden\" name=\"_wpcf7_locale\" value=\"fr_FR\" \/><input type=\"hidden\" name=\"_wpcf7_unit_tag\" value=\"wpcf7-f7-o1\" \/><input type=\"hidden\" name=\"_wpcf7_container_post\" value=\"0\" \/><input type=\"hidden\" name=\"_wpcf7_posted_data_hash\" value=\"\" \/>\n<\/fieldset>\n<div class=\"column one-second\">\n\t<p><span class=\"wpcf7-form-control-wrap\" data-name=\"your-name\"><input size=\"40\" maxlength=\"400\" class=\"wpcf7-form-control wpcf7-text wpcf7-validates-as-required\" aria-required=\"true\" aria-invalid=\"false\" placeholder=\"Nom *\" value=\"\" type=\"text\" name=\"your-name\" \/><\/span>\n\t<\/p>\n<\/div>\n<div class=\"column one-second\">\n\t<p><span class=\"wpcf7-form-control-wrap\" data-name=\"your-email\"><input size=\"40\" maxlength=\"400\" class=\"wpcf7-form-control wpcf7-email wpcf7-validates-as-required wpcf7-text wpcf7-validates-as-email\" aria-required=\"true\" aria-invalid=\"false\" placeholder=\"E-mail *\" value=\"\" type=\"email\" name=\"your-email\" \/><\/span>\n\t<\/p>\n<\/div>\n<div class=\"column one-second\">\n\t<p><span class=\"wpcf7-form-control-wrap\" data-name=\"your-phone\"><input size=\"40\" maxlength=\"400\" class=\"wpcf7-form-control wpcf7-tel wpcf7-validates-as-required wpcf7-text wpcf7-validates-as-tel\" aria-required=\"true\" aria-invalid=\"false\" placeholder=\"T\u00e9l\u00e9phone\" value=\"\" type=\"tel\" name=\"your-phone\" \/><\/span>\n\t<\/p>\n<\/div>\n<div class=\"column one-second\">\n\t<p><span class=\"wpcf7-form-control-wrap\" data-name=\"your-subject\"><input size=\"40\" maxlength=\"400\" class=\"wpcf7-form-control wpcf7-text\" aria-invalid=\"false\" placeholder=\"Sujet\" value=\"\" type=\"text\" name=\"your-subject\" \/><\/span>\n\t<\/p>\n<\/div>\n<div class=\"column one\">\n\t<p><span class=\"wpcf7-form-control-wrap\" data-name=\"your-message\"><textarea cols=\"40\" rows=\"3\" maxlength=\"2000\" class=\"wpcf7-form-control wpcf7-textarea\" aria-invalid=\"false\" placeholder=\"Message\" name=\"your-message\"><\/textarea><\/span>\n\t<\/p>\n<\/div>\n<p><span class=\"wpcf7-form-control-wrap\" data-name=\"checkbox-68\"><span class=\"wpcf7-form-control wpcf7-checkbox wpcf7-validates-as-required\"><span class=\"wpcf7-list-item first last\"><input type=\"checkbox\" name=\"checkbox-68[]\" value=\"Oui, j&#039;accepte que les donn\u00e9es personnelles collect\u00e9es soient conserv\u00e9es pendant 2 ans dans le cadre de la mise en relation avec l&#039;entreprise pour acc\u00e9der aux prestations qu&#039;elle fournit\" \/><span class=\"wpcf7-list-item-label\">Oui, j&#039;accepte que les donn\u00e9es personnelles collect\u00e9es soient conserv\u00e9es pendant 2 ans dans le cadre de la mise en relation avec l&#039;entreprise pour acc\u00e9der aux prestations qu&#039;elle fournit<\/span><\/span><\/span><\/span>\n<\/p>\n<div class=\"column one aligncenter\">\n\t<p><input class=\"wpcf7-form-control wpcf7-submit has-spinner\" type=\"submit\" value=\"Envoyer\" \/>\n\t<\/p>\n<\/div><div class=\"wpcf7-response-output\" aria-hidden=\"true\"><\/div>\n<\/form>\n<\/div>\n[\/vc_column_inner][vc_column_inner width=&#8221;1\/6&#8243;][\/vc_column_inner][\/vc_row_inner][\/vc_column][\/vc_row]<\/p>\n<\/div>","protected":false},"excerpt":{"rendered":"<p>[vc_row full_width=&#8221;stretch_row&#8221; equal_height=&#8221;yes&#8221; content_placement=&#8221;middle&#8221; css=&#8221;.vc_custom_1656689976060{margin-top: 35px !important;}&#8221; el_class=&#8221;reverse&#8221;][vc_column width=&#8221;1\/2&#8243;][vc_column_text]Vous souhaitez vous rendre sur notre menu afin de proc\u00e9der \u00e0 une commande ? Rien de plus simple,<span class=\"excerpt-hellip\"> [\u2026]<\/span><\/p>\n","protected":false},"author":1,"featured_media":0,"parent":0,"menu_order":0,"comment_status":"closed","ping_status":"closed","template":"","meta":{"footnotes":""},"class_list":["post-1775","page","type-page","status-publish","hentry"],"yoast_head":"<!-- This site is optimized with the Yoast SEO plugin v27.5 - https:\/\/yoast.com\/product\/yoast-seo-wordpress\/ -->\n<title>Contact - So Sushi Affligem<\/title>\n<meta name=\"robots\" content=\"index, follow, max-snippet:-1, max-image-preview:large, max-video-preview:-1\" \/>\n<link rel=\"canonical\" href=\"https:\/\/sushi-affligem.be\/nl\/contact\/\" \/>\n<meta property=\"og:locale\" content=\"nl_NL\" \/>\n<meta property=\"og:type\" content=\"article\" \/>\n<meta property=\"og:title\" content=\"Contact - So Sushi Affligem\" \/>\n<meta property=\"og:description\" content=\"[vc_row full_width=&#8221;stretch_row&#8221; equal_height=&#8221;yes&#8221; content_placement=&#8221;middle&#8221; css=&#8221;.vc_custom_1656689976060{margin-top: 35px !important;}&#8221; el_class=&#8221;reverse&#8221;][vc_column width=&#8221;1\/2&#8243;][vc_column_text]Vous souhaitez vous rendre sur notre menu afin de proc\u00e9der \u00e0 une commande ? Rien de plus simple, [\u2026]\" \/>\n<meta property=\"og:url\" content=\"https:\/\/sushi-affligem.be\/nl\/contact\/\" \/>\n<meta property=\"og:site_name\" content=\"So Sushi Affligem\" \/>\n<meta name=\"twitter:card\" content=\"summary_large_image\" \/>\n<meta name=\"twitter:label1\" content=\"Geschatte leestijd\" \/>\n\t<meta name=\"twitter:data1\" content=\"3 minuten\" \/>\n<script type=\"application\/ld+json\" class=\"yoast-schema-graph\">{\"@context\":\"https:\\\/\\\/schema.org\",\"@graph\":[{\"@type\":\"WebPage\",\"@id\":\"https:\\\/\\\/sushi-affligem.be\\\/nl\\\/contact\\\/\",\"url\":\"https:\\\/\\\/sushi-affligem.be\\\/nl\\\/contact\\\/\",\"name\":\"Contact - So Sushi Affligem\",\"isPartOf\":{\"@id\":\"https:\\\/\\\/sushi-affligem.be\\\/nl\\\/#website\"},\"datePublished\":\"2022-06-27T17:22:52+00:00\",\"breadcrumb\":{\"@id\":\"https:\\\/\\\/sushi-affligem.be\\\/nl\\\/contact\\\/#breadcrumb\"},\"inLanguage\":\"nl-NL\",\"potentialAction\":[{\"@type\":\"ReadAction\",\"target\":[\"https:\\\/\\\/sushi-affligem.be\\\/nl\\\/contact\\\/\"]}]},{\"@type\":\"BreadcrumbList\",\"@id\":\"https:\\\/\\\/sushi-affligem.be\\\/nl\\\/contact\\\/#breadcrumb\",\"itemListElement\":[{\"@type\":\"ListItem\",\"position\":1,\"name\":\"Accueil\",\"item\":\"https:\\\/\\\/sushi-affligem.be\\\/nl\\\/accueil\\\/\"},{\"@type\":\"ListItem\",\"position\":2,\"name\":\"Contact\"}]},{\"@type\":\"WebSite\",\"@id\":\"https:\\\/\\\/sushi-affligem.be\\\/nl\\\/#website\",\"url\":\"https:\\\/\\\/sushi-affligem.be\\\/nl\\\/\",\"name\":\"So Sushi Affligem\",\"description\":\"\",\"publisher\":{\"@id\":\"https:\\\/\\\/sushi-affligem.be\\\/nl\\\/#organization\"},\"potentialAction\":[{\"@type\":\"SearchAction\",\"target\":{\"@type\":\"EntryPoint\",\"urlTemplate\":\"https:\\\/\\\/sushi-affligem.be\\\/nl\\\/?s={search_term_string}\"},\"query-input\":{\"@type\":\"PropertyValueSpecification\",\"valueRequired\":true,\"valueName\":\"search_term_string\"}}],\"inLanguage\":\"nl-NL\"},{\"@type\":\"Organization\",\"@id\":\"https:\\\/\\\/sushi-affligem.be\\\/nl\\\/#organization\",\"name\":\"So Sushi Affligem\",\"url\":\"https:\\\/\\\/sushi-affligem.be\\\/nl\\\/\",\"logo\":{\"@type\":\"ImageObject\",\"inLanguage\":\"nl-NL\",\"@id\":\"https:\\\/\\\/sushi-affligem.be\\\/nl\\\/#\\\/schema\\\/logo\\\/image\\\/\",\"url\":\"https:\\\/\\\/sushi-affligem.be\\\/wp-content\\\/uploads\\\/2022\\\/06\\\/logo-sushi-affligem-removebg-preview.png\",\"contentUrl\":\"https:\\\/\\\/sushi-affligem.be\\\/wp-content\\\/uploads\\\/2022\\\/06\\\/logo-sushi-affligem-removebg-preview.png\",\"width\":121,\"height\":121,\"caption\":\"So Sushi Affligem\"},\"image\":{\"@id\":\"https:\\\/\\\/sushi-affligem.be\\\/nl\\\/#\\\/schema\\\/logo\\\/image\\\/\"}}]}<\/script>\n<!-- \/ Yoast SEO plugin. -->","yoast_head_json":{"title":"Contact - So Sushi Affligem","robots":{"index":"index","follow":"follow","max-snippet":"max-snippet:-1","max-image-preview":"max-image-preview:large","max-video-preview":"max-video-preview:-1"},"canonical":"https:\/\/sushi-affligem.be\/nl\/contact\/","og_locale":"nl_NL","og_type":"article","og_title":"Contact - So Sushi Affligem","og_description":"[vc_row full_width=&#8221;stretch_row&#8221; equal_height=&#8221;yes&#8221; content_placement=&#8221;middle&#8221; css=&#8221;.vc_custom_1656689976060{margin-top: 35px !important;}&#8221; el_class=&#8221;reverse&#8221;][vc_column width=&#8221;1\/2&#8243;][vc_column_text]Vous souhaitez vous rendre sur notre menu afin de proc\u00e9der \u00e0 une commande ? Rien de plus simple, [\u2026]","og_url":"https:\/\/sushi-affligem.be\/nl\/contact\/","og_site_name":"So Sushi Affligem","twitter_card":"summary_large_image","twitter_misc":{"Geschatte leestijd":"3 minuten"},"schema":{"@context":"https:\/\/schema.org","@graph":[{"@type":"WebPage","@id":"https:\/\/sushi-affligem.be\/nl\/contact\/","url":"https:\/\/sushi-affligem.be\/nl\/contact\/","name":"Contact - So Sushi Affligem","isPartOf":{"@id":"https:\/\/sushi-affligem.be\/nl\/#website"},"datePublished":"2022-06-27T17:22:52+00:00","breadcrumb":{"@id":"https:\/\/sushi-affligem.be\/nl\/contact\/#breadcrumb"},"inLanguage":"nl-NL","potentialAction":[{"@type":"ReadAction","target":["https:\/\/sushi-affligem.be\/nl\/contact\/"]}]},{"@type":"BreadcrumbList","@id":"https:\/\/sushi-affligem.be\/nl\/contact\/#breadcrumb","itemListElement":[{"@type":"ListItem","position":1,"name":"Accueil","item":"https:\/\/sushi-affligem.be\/nl\/accueil\/"},{"@type":"ListItem","position":2,"name":"Contact"}]},{"@type":"WebSite","@id":"https:\/\/sushi-affligem.be\/nl\/#website","url":"https:\/\/sushi-affligem.be\/nl\/","name":"So Sushi Affligem","description":"","publisher":{"@id":"https:\/\/sushi-affligem.be\/nl\/#organization"},"potentialAction":[{"@type":"SearchAction","target":{"@type":"EntryPoint","urlTemplate":"https:\/\/sushi-affligem.be\/nl\/?s={search_term_string}"},"query-input":{"@type":"PropertyValueSpecification","valueRequired":true,"valueName":"search_term_string"}}],"inLanguage":"nl-NL"},{"@type":"Organization","@id":"https:\/\/sushi-affligem.be\/nl\/#organization","name":"So Sushi Affligem","url":"https:\/\/sushi-affligem.be\/nl\/","logo":{"@type":"ImageObject","inLanguage":"nl-NL","@id":"https:\/\/sushi-affligem.be\/nl\/#\/schema\/logo\/image\/","url":"https:\/\/sushi-affligem.be\/wp-content\/uploads\/2022\/06\/logo-sushi-affligem-removebg-preview.png","contentUrl":"https:\/\/sushi-affligem.be\/wp-content\/uploads\/2022\/06\/logo-sushi-affligem-removebg-preview.png","width":121,"height":121,"caption":"So Sushi Affligem"},"image":{"@id":"https:\/\/sushi-affligem.be\/nl\/#\/schema\/logo\/image\/"}}]}},"_links":{"self":[{"href":"https:\/\/sushi-affligem.be\/nl\/wp-json\/wp\/v2\/pages\/1775","targetHints":{"allow":["GET"]}}],"collection":[{"href":"https:\/\/sushi-affligem.be\/nl\/wp-json\/wp\/v2\/pages"}],"about":[{"href":"https:\/\/sushi-affligem.be\/nl\/wp-json\/wp\/v2\/types\/page"}],"author":[{"embeddable":true,"href":"https:\/\/sushi-affligem.be\/nl\/wp-json\/wp\/v2\/users\/1"}],"replies":[{"embeddable":true,"href":"https:\/\/sushi-affligem.be\/nl\/wp-json\/wp\/v2\/comments?post=1775"}],"version-history":[{"count":0,"href":"https:\/\/sushi-affligem.be\/nl\/wp-json\/wp\/v2\/pages\/1775\/revisions"}],"wp:attachment":[{"href":"https:\/\/sushi-affligem.be\/nl\/wp-json\/wp\/v2\/media?parent=1775"}],"curies":[{"name":"wp","href":"https:\/\/api.w.org\/{rel}","templated":true}]}}